{"id":4538,"date":"2024-03-07T14:14:11","date_gmt":"2024-03-07T13:14:11","guid":{"rendered":"https:\/\/wp.2digital.si\/kota\/?page_id=4538"},"modified":"2026-01-27T11:12:50","modified_gmt":"2026-01-27T10:12:50","slug":"karriere","status":"publish","type":"page","link":"https:\/\/www.kota.si\/de\/karriere\/","title":{"rendered":"Karriere"},"content":{"rendered":"<p><div class=\"fusion-fullwidth fullwidth-box fusion-builder-row-1 fusion-flex-container has-pattern-background has-mask-background hundred-percent-fullwidth non-hundred-percent-height-scrolling\" style=\"--awb-background-position:center top;--awb-border-radius-top-left:0px;--awb-border-radius-top-right:0px;--awb-border-radius-bottom-right:0px;--awb-border-radius-bottom-left:0px;--awb-padding-top:0px;--awb-padding-right:0px;--awb-padding-bottom:0px;--awb-padding-left:0px;--awb-margin-top:-40px;--awb-margin-top-small:-40px;--awb-flex-wrap:wrap;\" ><div class=\"fusion-builder-row fusion-row fusion-flex-align-items-center fusion-flex-justify-content-center fusion-flex-content-wrap\" style=\"width:104% !important;max-width:104% !important;margin-left: calc(-4% \/ 2 );margin-right: calc(-4% \/ 2 );\"><div class=\"fusion-layout-column fusion_builder_column fusion-builder-column-0 fusion_builder_column_1_1 1_1 fusion-flex-column\" style=\"--awb-bg-size:cover;--awb-width-large:100%;--awb-margin-top-large:0px;--awb-spacing-right-large:1.92%;--awb-margin-bottom-large:0px;--awb-spacing-left-large:1.92%;--awb-width-medium:100%;--awb-order-medium:0;--awb-spacing-right-medium:1.92%;--awb-spacing-left-medium:1.92%;--awb-width-small:100%;--awb-order-small:0;--awb-spacing-right-small:1.92%;--awb-spacing-left-small:1.92%;\"><div class=\"fusion-column-wrapper fusion-column-has-shadow fusion-flex-justify-content-flex-start fusion-content-layout-column\"><div class=\"fusion-slider-sc\" id=\"slider-main\"><div class=\"fusion-flexslider-loading flexslider flexslider-hover-type-none\" data-slideshow_autoplay=\"1\" data-slideshow_smooth_height=\"0\" data-slideshow_speed=\"2950\" style=\"max-width:100%;height:100%;\"><ul class=\"slides\"><li class=\"image\"><span class=\"lazyload fusion-image-hover-element hover-type-none\"><img decoding=\"async\" src=\"https:\/\/www.kota.si\/wp-content\/uploads\/2025\/12\/kota-doo-petrovce.webp\" data-orig-src=\"https:\/\/www.kota.si\/wp-content\/uploads\/2025\/12\/kota-doo-petrovce.webp\" width=\"1920\" height=\"900\" class=\"lazyload wp-image-4146\" srcset=\"data:image\/svg+xml,%3Csvg%20xmlns%3D%27http%3A%2F%2Fwww.w3.org%2F2000%2Fsvg%27%20width%3D%271920%27%20height%3D%27900%27%20viewBox%3D%270%200%201920%20900%27%3E%3Crect%20width%3D%271920%27%20height%3D%27900%27%20fill-opacity%3D%220%22%2F%3E%3C%2Fsvg%3E\" data-srcset=\"https:\/\/www.kota.si\/wp-content\/uploads\/2025\/12\/kota-doo-petrovce-200x94.webp 200w, https:\/\/www.kota.si\/wp-content\/uploads\/2025\/12\/kota-doo-petrovce-300x141.webp 300w, https:\/\/www.kota.si\/wp-content\/uploads\/2025\/12\/kota-doo-petrovce-400x188.webp 400w, https:\/\/www.kota.si\/wp-content\/uploads\/2025\/12\/kota-doo-petrovce-600x281.webp 600w, https:\/\/www.kota.si\/wp-content\/uploads\/2025\/12\/kota-doo-petrovce-768x360.webp 768w, https:\/\/www.kota.si\/wp-content\/uploads\/2025\/12\/kota-doo-petrovce-800x375.webp 800w, https:\/\/www.kota.si\/wp-content\/uploads\/2025\/12\/kota-doo-petrovce-1024x480.webp 1024w, https:\/\/www.kota.si\/wp-content\/uploads\/2025\/12\/kota-doo-petrovce-1200x563.webp 1200w, https:\/\/www.kota.si\/wp-content\/uploads\/2025\/12\/kota-doo-petrovce-1536x720.webp 1536w, https:\/\/www.kota.si\/wp-content\/uploads\/2025\/12\/kota-doo-petrovce.webp 1920w\" data-sizes=\"auto\" data-orig-sizes=\"(max-width: 800px) 100vw, 1920px\" \/><\/span><\/li><\/ul><\/div><\/div><\/div><\/div><\/div><\/div><div class=\"fusion-fullwidth fullwidth-box fusion-builder-row-2 fusion-flex-container has-pattern-background has-mask-background fusion-parallax-none nonhundred-percent-fullwidth non-hundred-percent-height-scrolling lazyload\" style=\"--link_color: var(--awb-color5);--awb-background-position:left center;--awb-background-repeat:repeat-y;--awb-background-repeat-small:no-repeat;--awb-border-radius-top-left:0px;--awb-border-radius-top-right:0px;--awb-border-radius-bottom-right:0px;--awb-border-radius-bottom-left:0px;--awb-background-size:contain;--awb-flex-wrap:wrap;\" data-bg=\"https:\/\/www.kota.si\/wp-content\/uploads\/2024\/03\/vector-bgr-podstran.webp\" ><div class=\"fusion-builder-row fusion-row fusion-flex-align-items-center fusion-flex-content-wrap\" style=\"max-width:1372.8px;margin-left: calc(-4% \/ 2 );margin-right: calc(-4% \/ 2 );\"><div class=\"fusion-layout-column fusion_builder_column fusion-builder-column-1 fusion_builder_column_1_1 1_1 fusion-flex-column\" style=\"--awb-bg-position:center top;--awb-bg-size:cover;--awb-width-large:100%;--awb-margin-top-large:100px;--awb-spacing-right-large:1.92%;--awb-margin-bottom-large:21px;--awb-spacing-left-large:1.92%;--awb-width-medium:100%;--awb-order-medium:0;--awb-spacing-right-medium:1.92%;--awb-spacing-left-medium:1.92%;--awb-width-small:100%;--awb-order-small:0;--awb-margin-top-small:40px;--awb-spacing-right-small:1.92%;--awb-spacing-left-small:1.92%;\"><div class=\"fusion-column-wrapper fusion-column-has-shadow fusion-flex-justify-content-center fusion-content-layout-column\"><div class=\"fusion-title title fusion-title-1 fusion-sep-none fusion-title-text fusion-title-size-one\" style=\"--awb-text-color:var(--awb-color8);--awb-margin-bottom:0px;--awb-sep-color:var(--awb-color8);--awb-font-size:35px;\"><h1 class=\"fusion-title-heading title-heading-left fusion-responsive-typography-calculated\" style=\"margin:0;text-transform:uppercase;font-size:1em;--fontSize:35;line-height:var(--awb-typography1-line-height);\">KARRIERE<\/h1><\/div><div class=\"fusion-separator\" style=\"align-self: flex-start;margin-right:auto;margin-top:15px;margin-bottom:5px;width:100%;max-width:70px;\"><div class=\"fusion-separator-border sep-single sep-solid\" style=\"--awb-height:20px;--awb-amount:20px;--awb-sep-color:var(--awb-color8);border-color:var(--awb-color8);border-top-width:5px;\"><\/div><\/div><div class=\"fusion-title title fusion-title-2 fusion-sep-none fusion-title-text fusion-title-size-two\" style=\"--awb-text-color:var(--awb-color5);--awb-margin-bottom:-10px;--awb-sep-color:var(--awb-color8);--awb-font-size:28px;\"><h2 class=\"fusion-title-heading title-heading-left fusion-responsive-typography-calculated\" style=\"margin:0;text-transform:none;font-size:1em;--fontSize:28;line-height:1.4;\">SERVICETECHNIKER \/ MONTEUR \u2013 K\u00c4LTETECHNIK<\/h2><\/div><div class=\"fusion-text fusion-text-1\" style=\"--awb-content-alignment:left;--awb-line-height:1.4;--awb-margin-top:30PX;\"><p><span style=\"letter-spacing: -0.3px; background-color: rgba(0, 0, 0, 0);\">Erwartete Kenntnisse und Erfahrungen der Bewerber:<\/span><\/p>\n<ul>\n<li>Ausbildung der Stufe IV oder V im technischen Bereich<\/li>\n<li>Grundkenntnisse in Englisch oder Deutsch<\/li>\n<li>3 bis 5 Jahre Berufserfahrung in gleichen oder \u00e4hnlichen Positionen w\u00fcnschenswert<\/li>\n<li>F\u00e4higkeit, eine kleine Gruppe von Menschen zu leiten<\/li>\n<li>Kommunikationsf\u00e4higkeit, Flexibilit\u00e4t, Kreativit\u00e4t, Teamf\u00e4higkeit.<\/li>\n<\/ul>\n<p>WIR BIETEN:<\/p>\n<ul>\n<li>Unbefristete Anstellung mit einer dreimonatigen Probezeit<\/li>\n<li>Leistungsorientierte Verg\u00fctung<\/li>\n<li>Ausbildung und Schulung<\/li>\n<li>Arbeit im internationalen Umfeld<\/li>\n<\/ul>\n<p>Bitte senden Sie Ihre Bewerbung mit Lebenslauf und Beschreibung Ihrer Berufserfahrung an die Adresse des Unternehmens<\/p>\n<p>Kota d.o.o. Petrov\u010de, Petrov\u010de 237, 3301 Petrov\u010de<\/p>\n<p>oder per E-Mail an: <a href=\"_wp_link_placeholder\" data-wplink-edit=\"true\">matjaz.lapornik@kota.si<\/a>.<\/p>\n<\/div><\/div><\/div><div class=\"fusion-layout-column fusion_builder_column fusion-builder-column-2 fusion_builder_column_1_1 1_1 fusion-flex-column\" style=\"--awb-padding-top:16px;--awb-padding-bottom:20px;--awb-padding-top-small:20px;--awb-padding-right-small:20px;--awb-padding-bottom-small:20px;--awb-padding-left-small:20px;--awb-overflow:hidden;--awb-bg-color:var(--awb-color6);--awb-bg-color-hover:var(--awb-color6);--awb-bg-position:center top;--awb-bg-size:cover;--awb-border-radius:15px 15px 15px 15px;--awb-width-large:100%;--awb-margin-top-large:27px;--awb-spacing-right-large:1.92%;--awb-margin-bottom-large:83px;--awb-spacing-left-large:1.92%;--awb-width-medium:100%;--awb-order-medium:0;--awb-spacing-right-medium:1.92%;--awb-spacing-left-medium:1.92%;--awb-width-small:100%;--awb-order-small:0;--awb-margin-top-small:0px;--awb-spacing-right-small:1.92%;--awb-spacing-left-small:1.92%;\"><div class=\"fusion-column-wrapper fusion-column-has-shadow fusion-flex-justify-content-center fusion-content-layout-column\"><div class=\"fusion-title title fusion-title-3 fusion-sep-none fusion-title-center fusion-title-text fusion-title-size-three\" style=\"--awb-text-color:var(--awb-color1);\"><h3 class=\"fusion-title-heading title-heading-center fusion-responsive-typography-calculated\" style=\"margin:0;--fontSize:28;line-height:1.3;\">WIR STEUERN ENERGIE SEIT MEHR ALS  <span style=\"color: #92ceff;\">50<\/span> JAHREN<\/h3><\/div><div class=\"fusion-image-element \" style=\"text-align:center;--awb-margin-top:20px;--awb-margin-bottom:20px;--awb-max-width:450px;--awb-caption-title-font-family:var(--h2_typography-font-family);--awb-caption-title-font-weight:var(--h2_typography-font-weight);--awb-caption-title-font-style:var(--h2_typography-font-style);--awb-caption-title-size:var(--h2_typography-font-size);--awb-caption-title-transform:var(--h2_typography-text-transform);--awb-caption-title-line-height:var(--h2_typography-line-height);--awb-caption-title-letter-spacing:var(--h2_typography-letter-spacing);\"><span class=\" fusion-imageframe imageframe-none imageframe-1 hover-type-none\"><img decoding=\"async\" width=\"1131\" height=\"240\" title=\"Kota_circles\" src=\"https:\/\/www.kota.si\/wp-content\/uploads\/2024\/02\/Kota_circles.webp\" data-orig-src=\"https:\/\/www.kota.si\/wp-content\/uploads\/2024\/02\/Kota_circles.webp\" alt class=\"lazyload img-responsive wp-image-4450\" srcset=\"data:image\/svg+xml,%3Csvg%20xmlns%3D%27http%3A%2F%2Fwww.w3.org%2F2000%2Fsvg%27%20width%3D%271131%27%20height%3D%27240%27%20viewBox%3D%270%200%201131%20240%27%3E%3Crect%20width%3D%271131%27%20height%3D%27240%27%20fill-opacity%3D%220%22%2F%3E%3C%2Fsvg%3E\" data-srcset=\"https:\/\/www.kota.si\/wp-content\/uploads\/2024\/02\/Kota_circles-200x42.webp 200w, https:\/\/www.kota.si\/wp-content\/uploads\/2024\/02\/Kota_circles-300x64.webp 300w, https:\/\/www.kota.si\/wp-content\/uploads\/2024\/02\/Kota_circles-400x85.webp 400w, https:\/\/www.kota.si\/wp-content\/uploads\/2024\/02\/Kota_circles-600x127.webp 600w, https:\/\/www.kota.si\/wp-content\/uploads\/2024\/02\/Kota_circles-768x163.webp 768w, https:\/\/www.kota.si\/wp-content\/uploads\/2024\/02\/Kota_circles-800x170.webp 800w, https:\/\/www.kota.si\/wp-content\/uploads\/2024\/02\/Kota_circles-1024x217.webp 1024w, https:\/\/www.kota.si\/wp-content\/uploads\/2024\/02\/Kota_circles.webp 1131w\" data-sizes=\"auto\" data-orig-sizes=\"(max-width: 800px) 100vw, 1131px\" \/><\/span><\/div><\/div><\/div><\/div><\/div><\/p>\n","protected":false},"excerpt":{"rendered":"","protected":false},"author":1,"featured_media":0,"parent":0,"menu_order":0,"comment_status":"closed","ping_status":"closed","template":"100-width.php","meta":{"_acf_changed":false,"footnotes":""},"class_list":["post-4538","page","type-page","status-publish","hentry"],"acf":[],"_links":{"self":[{"href":"https:\/\/www.kota.si\/de\/wp-json\/wp\/v2\/pages\/4538","targetHints":{"allow":["GET"]}}],"collection":[{"href":"https:\/\/www.kota.si\/de\/wp-json\/wp\/v2\/pages"}],"about":[{"href":"https:\/\/www.kota.si\/de\/wp-json\/wp\/v2\/types\/page"}],"author":[{"embeddable":true,"href":"https:\/\/www.kota.si\/de\/wp-json\/wp\/v2\/users\/1"}],"replies":[{"embeddable":true,"href":"https:\/\/www.kota.si\/de\/wp-json\/wp\/v2\/comments?post=4538"}],"version-history":[{"count":7,"href":"https:\/\/www.kota.si\/de\/wp-json\/wp\/v2\/pages\/4538\/revisions"}],"predecessor-version":[{"id":4681,"href":"https:\/\/www.kota.si\/de\/wp-json\/wp\/v2\/pages\/4538\/revisions\/4681"}],"wp:attachment":[{"href":"https:\/\/www.kota.si\/de\/wp-json\/wp\/v2\/media?parent=4538"}],"curies":[{"name":"wp","href":"https:\/\/api.w.org\/{rel}","templated":true}]}}