{"id":4608,"date":"2024-02-29T10:59:14","date_gmt":"2024-02-29T09:59:14","guid":{"rendered":"https:\/\/wp.2digital.si\/kota\/?page_id=4608"},"modified":"2026-01-22T11:02:50","modified_gmt":"2026-01-22T10:02:50","slug":"cookie-hinweis","status":"publish","type":"page","link":"https:\/\/www.kota.si\/de\/cookie-hinweis\/","title":{"rendered":"Cookie-Hinweis"},"content":{"rendered":"<div class=\"fusion-fullwidth fullwidth-box fusion-builder-row-1 fusion-flex-container nonhundred-percent-fullwidth non-hundred-percent-height-scrolling\" style=\"--awb-border-radius-top-left:0px;--awb-border-radius-top-right:0px;--awb-border-radius-bottom-right:0px;--awb-border-radius-bottom-left:0px;--awb-flex-wrap:wrap;\" ><div class=\"fusion-builder-row fusion-row fusion-flex-align-items-flex-start fusion-flex-content-wrap\" style=\"max-width:1372.8px;margin-left: calc(-4% \/ 2 );margin-right: calc(-4% \/ 2 );\"><div class=\"fusion-layout-column fusion_builder_column fusion-builder-column-0 fusion_builder_column_1_1 1_1 fusion-flex-column\" style=\"--awb-bg-blend:overlay;--awb-bg-size:cover;--awb-width-large:100%;--awb-margin-top-large:0px;--awb-spacing-right-large:1.92%;--awb-margin-bottom-large:0px;--awb-spacing-left-large:1.92%;--awb-width-medium:100%;--awb-spacing-right-medium:1.92%;--awb-spacing-left-medium:1.92%;--awb-width-small:100%;--awb-spacing-right-small:1.92%;--awb-spacing-left-small:1.92%;\"><div class=\"fusion-column-wrapper fusion-flex-justify-content-flex-start fusion-content-layout-column\"><div class=\"fusion-text fusion-text-1\" style=\"--awb-text-transform:none;\"><h1>Cookie-Hinweis<\/h1>\n<p>Diese Website verwendet Cookies, um eine ordnungsgem\u00e4\u00dfe Funktion sicherzustellen, die Benutzererfahrung zu verbessern und den Website-Verkehr zu analysieren.<\/p>\n<p>Cookies sind kleine Textdateien, die auf Ihrem Ger\u00e4t gespeichert werden, wenn Sie eine Website besuchen.<\/p>\n<p><strong>Arten von Cookies<\/strong><\/p>\n<p>Unbedingt erforderliche Cookies<br \/>\nDiese Cookies sind f\u00fcr die grundlegende Funktion der Website notwendig und k\u00f6nnen nicht deaktiviert werden.<\/p>\n<p><strong>Statistische Cookies<\/strong><br \/>\nDiese Cookies helfen uns zu verstehen, wie Besucher die Website nutzen (z. B. Anzahl der Besuche, aufgerufene Seiten). Sie werden nur mit Ihrer Einwilligung geladen.<\/p>\n<p><strong>Marketing-Cookies<\/strong><br \/>\nDiese Cookies werden verwendet, um personalisierte Inhalte und Werbung anzuzeigen. Sie werden nur mit Ihrer Einwilligung geladen.<\/p>\n<p><strong>Cookie-Verwaltung<br \/>\n<\/strong>Sie k\u00f6nnen Ihre Einwilligung jederzeit \u00e4ndern oder widerrufen, indem Sie auf die Schaltfl\u00e4che unten klicken:<\/p>\n<\/div><div ><a class=\"fusion-button button-flat fusion-button-default-size button-default fusion-button-default button-1 fusion-button-default-span fusion-button-default-type\" style=\"--button_text_transform:none;\" target=\"_self\" href=\"https:\/\/www.kota.si\/de\/cookie-hinweis\/#gdpr_cookie_modal\"><span class=\"fusion-button-text awb-button__text awb-button__text--default\">Cookie-Verwaltung<\/span><\/a><\/div><div class=\"fusion-text fusion-text-2\" style=\"--awb-margin-top:30PX;\"><p><strong>Cookie-Dauer<\/strong><\/p>\n<p>Cookies k\u00f6nnen Session-Cookies sein (sie werden beim Schlie\u00dfen des Browsers gel\u00f6scht) oder permanente Cookies (sie werden f\u00fcr einen bestimmten Zeitraum gespeichert).<\/p>\n<p><strong>Verantwortlicher<\/strong><\/p>\n<p>Website-Betreiber: Kota d.o.o.<br \/>\nKontakt: kota@kota.si<\/p>\n<\/div><\/div><\/div><\/div><\/div>\n","protected":false},"excerpt":{"rendered":"","protected":false},"author":1,"featured_media":0,"parent":0,"menu_order":0,"comment_status":"closed","ping_status":"open","template":"","meta":{"_acf_changed":false,"footnotes":""},"class_list":["post-4608","page","type-page","status-publish","hentry"],"acf":[],"_links":{"self":[{"href":"https:\/\/www.kota.si\/de\/wp-json\/wp\/v2\/pages\/4608","targetHints":{"allow":["GET"]}}],"collection":[{"href":"https:\/\/www.kota.si\/de\/wp-json\/wp\/v2\/pages"}],"about":[{"href":"https:\/\/www.kota.si\/de\/wp-json\/wp\/v2\/types\/page"}],"author":[{"embeddable":true,"href":"https:\/\/www.kota.si\/de\/wp-json\/wp\/v2\/users\/1"}],"replies":[{"embeddable":true,"href":"https:\/\/www.kota.si\/de\/wp-json\/wp\/v2\/comments?post=4608"}],"version-history":[{"count":3,"href":"https:\/\/www.kota.si\/de\/wp-json\/wp\/v2\/pages\/4608\/revisions"}],"predecessor-version":[{"id":4624,"href":"https:\/\/www.kota.si\/de\/wp-json\/wp\/v2\/pages\/4608\/revisions\/4624"}],"wp:attachment":[{"href":"https:\/\/www.kota.si\/de\/wp-json\/wp\/v2\/media?parent=4608"}],"curies":[{"name":"wp","href":"https:\/\/api.w.org\/{rel}","templated":true}]}}